{"id":6891,"date":"2021-03-09T10:55:54","date_gmt":"2021-03-09T09:55:54","guid":{"rendered":"https:\/\/www.dsl.fr\/?page_id=6891"},"modified":"2021-03-11T18:22:00","modified_gmt":"2021-03-11T17:22:00","slug":"temporary-energy","status":"publish","type":"page","link":"https:\/\/www.dsl.fr\/en\/temporary-energy\/","title":{"rendered":"Temporary Energy"},"content":{"rendered":"<p>Find out about the extent of our range of equipment dedicated to the production, transformation, distribution and dispersion of temporary electrical energy<\/p>\n","protected":false},"excerpt":{"rendered":"<p>Find out about the extent of our range of equipment dedicated to the production, transformation, distribution and dispersion of temporary&#8230;<\/p>\n","protected":false},"author":1,"featured_media":819,"parent":0,"menu_order":1,"comment_status":"closed","ping_status":"closed","template":"","meta":{"_acf_changed":false,"inline_featured_image":false,"footnotes":""},"categories":[20],"class_list":["post-6891","page","type-page","status-publish","has-post-thumbnail","hentry","category-temporary-energy"],"acf":[],"yoast_head":"<!-- This site is optimized with the Yoast SEO plugin v27.4 - https:\/\/yoast.com\/product\/yoast-seo-wordpress\/ -->\n<title>Temporary Energy Equipment - Delta Service Location<\/title>\n<meta name=\"description\" content=\"Hire of Equipment for Pros: generators, load banks, transformers, tanks and electrical distribution\" \/>\n<meta name=\"robots\" content=\"index, follow, max-snippet:-1, max-image-preview:large, max-video-preview:-1\" \/>\n<link rel=\"canonical\" href=\"https:\/\/www.dsl.fr\/en\/temporary-energy\/\" \/>\n<script type=\"application\/ld+json\" class=\"yoast-schema-graph\">{\"@context\":\"https:\\\/\\\/schema.org\",\"@graph\":[{\"@type\":\"WebPage\",\"@id\":\"https:\\\/\\\/www.dsl.fr\\\/en\\\/temporary-energy\\\/\",\"url\":\"https:\\\/\\\/www.dsl.fr\\\/en\\\/temporary-energy\\\/\",\"name\":\"Temporary Energy Equipment - Delta Service Location\",\"isPartOf\":{\"@id\":\"https:\\\/\\\/www.dsl.fr\\\/en\\\/#website\"},\"primaryImageOfPage\":{\"@id\":\"https:\\\/\\\/www.dsl.fr\\\/en\\\/temporary-energy\\\/#primaryimage\"},\"image\":{\"@id\":\"https:\\\/\\\/www.dsl.fr\\\/en\\\/temporary-energy\\\/#primaryimage\"},\"thumbnailUrl\":\"https:\\\/\\\/www.dsl.fr\\\/app\\\/uploads\\\/2020\\\/07\\\/energie-temporaire-2.jpg\",\"datePublished\":\"2021-03-09T09:55:54+00:00\",\"dateModified\":\"2021-03-11T17:22:00+00:00\",\"description\":\"Hire of Equipment for Pros: generators, load banks, transformers, tanks and electrical distribution\",\"breadcrumb\":{\"@id\":\"https:\\\/\\\/www.dsl.fr\\\/en\\\/temporary-energy\\\/#breadcrumb\"},\"inLanguage\":\"en\",\"potentialAction\":[{\"@type\":\"ReadAction\",\"target\":[\"https:\\\/\\\/www.dsl.fr\\\/en\\\/temporary-energy\\\/\"]}]},{\"@type\":\"ImageObject\",\"inLanguage\":\"en\",\"@id\":\"https:\\\/\\\/www.dsl.fr\\\/en\\\/temporary-energy\\\/#primaryimage\",\"url\":\"https:\\\/\\\/www.dsl.fr\\\/app\\\/uploads\\\/2020\\\/07\\\/energie-temporaire-2.jpg\",\"contentUrl\":\"https:\\\/\\\/www.dsl.fr\\\/app\\\/uploads\\\/2020\\\/07\\\/energie-temporaire-2.jpg\",\"width\":1920,\"height\":1536,\"caption\":\"Mat\u00e9riel en \u00e9nergie temporaire et groupes \u00e9lectrog\u00e8nes\"},{\"@type\":\"BreadcrumbList\",\"@id\":\"https:\\\/\\\/www.dsl.fr\\\/en\\\/temporary-energy\\\/#breadcrumb\",\"itemListElement\":[{\"@type\":\"ListItem\",\"position\":1,\"name\":\"Home\",\"item\":\"https:\\\/\\\/www.dsl.fr\\\/en\\\/\"},{\"@type\":\"ListItem\",\"position\":2,\"name\":\"Temporary Energy\"}]},{\"@type\":\"WebSite\",\"@id\":\"https:\\\/\\\/www.dsl.fr\\\/en\\\/#website\",\"url\":\"https:\\\/\\\/www.dsl.fr\\\/en\\\/\",\"name\":\"Delta Service Location\",\"description\":\"Temporary Energy & Pumping Equipment Hire\",\"publisher\":{\"@id\":\"https:\\\/\\\/www.dsl.fr\\\/en\\\/#organization\"},\"potentialAction\":[{\"@type\":\"SearchAction\",\"target\":{\"@type\":\"EntryPoint\",\"urlTemplate\":\"https:\\\/\\\/www.dsl.fr\\\/en\\\/?s={search_term_string}\"},\"query-input\":{\"@type\":\"PropertyValueSpecification\",\"valueRequired\":true,\"valueName\":\"search_term_string\"}}],\"inLanguage\":\"en\"},{\"@type\":\"Organization\",\"@id\":\"https:\\\/\\\/www.dsl.fr\\\/en\\\/#organization\",\"name\":\"Delta Service Location\",\"url\":\"https:\\\/\\\/www.dsl.fr\\\/en\\\/\",\"logo\":{\"@type\":\"ImageObject\",\"inLanguage\":\"en\",\"@id\":\"https:\\\/\\\/www.dsl.fr\\\/en\\\/#\\\/schema\\\/logo\\\/image\\\/\",\"url\":\"https:\\\/\\\/www.dsl.fr\\\/app\\\/uploads\\\/2020\\\/09\\\/logo-delta-service-location.gif\",\"contentUrl\":\"https:\\\/\\\/www.dsl.fr\\\/app\\\/uploads\\\/2020\\\/09\\\/logo-delta-service-location.gif\",\"width\":300,\"height\":200,\"caption\":\"Delta Service Location\"},\"image\":{\"@id\":\"https:\\\/\\\/www.dsl.fr\\\/en\\\/#\\\/schema\\\/logo\\\/image\\\/\"},\"sameAs\":[\"https:\\\/\\\/fr.linkedin.com\\\/company\\\/delta-service-location\",\"https:\\\/\\\/www.youtube.com\\\/channel\\\/UC1u1lQNKgGxJmk7LHJeweuQ\"]}]}<\/script>\n<!-- \/ Yoast SEO plugin. -->","yoast_head_json":{"title":"Temporary Energy Equipment - Delta Service Location","description":"Hire of Equipment for Pros: generators, load banks, transformers, tanks and electrical distribution","robots":{"index":"index","follow":"follow","max-snippet":"max-snippet:-1","max-image-preview":"max-image-preview:large","max-video-preview":"max-video-preview:-1"},"canonical":"https:\/\/www.dsl.fr\/en\/temporary-energy\/","schema":{"@context":"https:\/\/schema.org","@graph":[{"@type":"WebPage","@id":"https:\/\/www.dsl.fr\/en\/temporary-energy\/","url":"https:\/\/www.dsl.fr\/en\/temporary-energy\/","name":"Temporary Energy Equipment - Delta Service Location","isPartOf":{"@id":"https:\/\/www.dsl.fr\/en\/#website"},"primaryImageOfPage":{"@id":"https:\/\/www.dsl.fr\/en\/temporary-energy\/#primaryimage"},"image":{"@id":"https:\/\/www.dsl.fr\/en\/temporary-energy\/#primaryimage"},"thumbnailUrl":"https:\/\/www.dsl.fr\/app\/uploads\/2020\/07\/energie-temporaire-2.jpg","datePublished":"2021-03-09T09:55:54+00:00","dateModified":"2021-03-11T17:22:00+00:00","description":"Hire of Equipment for Pros: generators, load banks, transformers, tanks and electrical distribution","breadcrumb":{"@id":"https:\/\/www.dsl.fr\/en\/temporary-energy\/#breadcrumb"},"inLanguage":"en","potentialAction":[{"@type":"ReadAction","target":["https:\/\/www.dsl.fr\/en\/temporary-energy\/"]}]},{"@type":"ImageObject","inLanguage":"en","@id":"https:\/\/www.dsl.fr\/en\/temporary-energy\/#primaryimage","url":"https:\/\/www.dsl.fr\/app\/uploads\/2020\/07\/energie-temporaire-2.jpg","contentUrl":"https:\/\/www.dsl.fr\/app\/uploads\/2020\/07\/energie-temporaire-2.jpg","width":1920,"height":1536,"caption":"Mat\u00e9riel en \u00e9nergie temporaire et groupes \u00e9lectrog\u00e8nes"},{"@type":"BreadcrumbList","@id":"https:\/\/www.dsl.fr\/en\/temporary-energy\/#breadcrumb","itemListElement":[{"@type":"ListItem","position":1,"name":"Home","item":"https:\/\/www.dsl.fr\/en\/"},{"@type":"ListItem","position":2,"name":"Temporary Energy"}]},{"@type":"WebSite","@id":"https:\/\/www.dsl.fr\/en\/#website","url":"https:\/\/www.dsl.fr\/en\/","name":"Delta Service Location","description":"Temporary Energy & Pumping Equipment Hire","publisher":{"@id":"https:\/\/www.dsl.fr\/en\/#organization"},"potentialAction":[{"@type":"SearchAction","target":{"@type":"EntryPoint","urlTemplate":"https:\/\/www.dsl.fr\/en\/?s={search_term_string}"},"query-input":{"@type":"PropertyValueSpecification","valueRequired":true,"valueName":"search_term_string"}}],"inLanguage":"en"},{"@type":"Organization","@id":"https:\/\/www.dsl.fr\/en\/#organization","name":"Delta Service Location","url":"https:\/\/www.dsl.fr\/en\/","logo":{"@type":"ImageObject","inLanguage":"en","@id":"https:\/\/www.dsl.fr\/en\/#\/schema\/logo\/image\/","url":"https:\/\/www.dsl.fr\/app\/uploads\/2020\/09\/logo-delta-service-location.gif","contentUrl":"https:\/\/www.dsl.fr\/app\/uploads\/2020\/09\/logo-delta-service-location.gif","width":300,"height":200,"caption":"Delta Service Location"},"image":{"@id":"https:\/\/www.dsl.fr\/en\/#\/schema\/logo\/image\/"},"sameAs":["https:\/\/fr.linkedin.com\/company\/delta-service-location","https:\/\/www.youtube.com\/channel\/UC1u1lQNKgGxJmk7LHJeweuQ"]}]}},"_links":{"self":[{"href":"https:\/\/www.dsl.fr\/en\/wp-json\/wp\/v2\/pages\/6891","targetHints":{"allow":["GET"]}}],"collection":[{"href":"https:\/\/www.dsl.fr\/en\/wp-json\/wp\/v2\/pages"}],"about":[{"href":"https:\/\/www.dsl.fr\/en\/wp-json\/wp\/v2\/types\/page"}],"author":[{"embeddable":true,"href":"https:\/\/www.dsl.fr\/en\/wp-json\/wp\/v2\/users\/1"}],"replies":[{"embeddable":true,"href":"https:\/\/www.dsl.fr\/en\/wp-json\/wp\/v2\/comments?post=6891"}],"version-history":[{"count":3,"href":"https:\/\/www.dsl.fr\/en\/wp-json\/wp\/v2\/pages\/6891\/revisions"}],"predecessor-version":[{"id":7357,"href":"https:\/\/www.dsl.fr\/en\/wp-json\/wp\/v2\/pages\/6891\/revisions\/7357"}],"wp:featuredmedia":[{"embeddable":true,"href":"https:\/\/www.dsl.fr\/en\/wp-json\/wp\/v2\/media\/819"}],"wp:attachment":[{"href":"https:\/\/www.dsl.fr\/en\/wp-json\/wp\/v2\/media?parent=6891"}],"wp:term":[{"taxonomy":"category","embeddable":true,"href":"https:\/\/www.dsl.fr\/en\/wp-json\/wp\/v2\/categories?post=6891"}],"curies":[{"name":"wp","href":"https:\/\/api.w.org\/{rel}","templated":true}]}}