{"id":6871,"date":"2021-03-18T18:40:40","date_gmt":"2021-03-18T17:40:40","guid":{"rendered":"https:\/\/www.dsl.fr\/?page_id=6871"},"modified":"2021-03-31T17:51:18","modified_gmt":"2021-03-31T15:51:18","slug":"deep-well-dewatering-non-waterproof-retaining-wall","status":"publish","type":"page","link":"https:\/\/www.dsl.fr\/en\/dewatering\/deep-well-dewatering-non-waterproof-retaining-wall\/","title":{"rendered":"Deep Well Dewatering &#8211; Non-Waterproof Retaining Wall"},"content":{"rendered":"<p>Often implemented by these sheeting techniques: wood or concrete lagging wall, shotcrete facing, retaining lagging wall, micro-piles, shoring retaining wall, bank<\/p>\n","protected":false},"excerpt":{"rendered":"<p>Often implemented by these sheeting techniques: wood or concrete lagging wall, shotcrete facing, retaining lagging wall, micro-piles, shoring retaining wall,&#8230;<\/p>\n","protected":false},"author":2,"featured_media":3302,"parent":6888,"menu_order":0,"comment_status":"closed","ping_status":"closed","template":"views\/equipment.blade.php","meta":{"_acf_changed":false,"inline_featured_image":false,"footnotes":""},"categories":[18],"class_list":["post-6871","page","type-page","status-publish","has-post-thumbnail","hentry","category-dewatering"],"acf":[],"yoast_head":"<!-- This site is optimized with the Yoast SEO plugin v27.4 - https:\/\/yoast.com\/product\/yoast-seo-wordpress\/ -->\n<title>Deep Well Dewatering - Non-Waterproof Retaining Wall - DSL<\/title>\n<meta name=\"description\" content=\"Deep Well Dewatering is recommended with non-waterproof retaining walls (lagging wall, reinforced lagging wall, bank, etc.). Consult our experts!\" \/>\n<meta name=\"robots\" content=\"index, follow, max-snippet:-1, max-image-preview:large, max-video-preview:-1\" \/>\n<link rel=\"canonical\" href=\"https:\/\/www.dsl.fr\/en\/dewatering\/deep-well-dewatering-non-waterproof-retaining-wall\/\" \/>\n<script type=\"application\/ld+json\" class=\"yoast-schema-graph\">{\"@context\":\"https:\\\/\\\/schema.org\",\"@graph\":[{\"@type\":\"WebPage\",\"@id\":\"https:\\\/\\\/www.dsl.fr\\\/en\\\/dewatering\\\/deep-well-dewatering-non-waterproof-retaining-wall\\\/\",\"url\":\"https:\\\/\\\/www.dsl.fr\\\/en\\\/dewatering\\\/deep-well-dewatering-non-waterproof-retaining-wall\\\/\",\"name\":\"Deep Well Dewatering - Non-Waterproof Retaining Wall - DSL\",\"isPartOf\":{\"@id\":\"https:\\\/\\\/www.dsl.fr\\\/en\\\/#website\"},\"primaryImageOfPage\":{\"@id\":\"https:\\\/\\\/www.dsl.fr\\\/en\\\/dewatering\\\/deep-well-dewatering-non-waterproof-retaining-wall\\\/#primaryimage\"},\"image\":{\"@id\":\"https:\\\/\\\/www.dsl.fr\\\/en\\\/dewatering\\\/deep-well-dewatering-non-waterproof-retaining-wall\\\/#primaryimage\"},\"thumbnailUrl\":\"https:\\\/\\\/www.dsl.fr\\\/app\\\/uploads\\\/2020\\\/08\\\/rabattement-de-nappe-puits-crepines-paroi-non-etanche-chantier.jpg\",\"datePublished\":\"2021-03-18T17:40:40+00:00\",\"dateModified\":\"2021-03-31T15:51:18+00:00\",\"description\":\"Deep Well Dewatering is recommended with non-waterproof retaining walls (lagging wall, reinforced lagging wall, bank, etc.). Consult our experts!\",\"breadcrumb\":{\"@id\":\"https:\\\/\\\/www.dsl.fr\\\/en\\\/dewatering\\\/deep-well-dewatering-non-waterproof-retaining-wall\\\/#breadcrumb\"},\"inLanguage\":\"en\",\"potentialAction\":[{\"@type\":\"ReadAction\",\"target\":[\"https:\\\/\\\/www.dsl.fr\\\/en\\\/dewatering\\\/deep-well-dewatering-non-waterproof-retaining-wall\\\/\"]}]},{\"@type\":\"ImageObject\",\"inLanguage\":\"en\",\"@id\":\"https:\\\/\\\/www.dsl.fr\\\/en\\\/dewatering\\\/deep-well-dewatering-non-waterproof-retaining-wall\\\/#primaryimage\",\"url\":\"https:\\\/\\\/www.dsl.fr\\\/app\\\/uploads\\\/2020\\\/08\\\/rabattement-de-nappe-puits-crepines-paroi-non-etanche-chantier.jpg\",\"contentUrl\":\"https:\\\/\\\/www.dsl.fr\\\/app\\\/uploads\\\/2020\\\/08\\\/rabattement-de-nappe-puits-crepines-paroi-non-etanche-chantier.jpg\",\"width\":1920,\"height\":1080,\"caption\":\"Chantier rabattement de nappe par puits cr\u00e9pin\u00e9s dans une paroi non \u00e9tanche\"},{\"@type\":\"BreadcrumbList\",\"@id\":\"https:\\\/\\\/www.dsl.fr\\\/en\\\/dewatering\\\/deep-well-dewatering-non-waterproof-retaining-wall\\\/#breadcrumb\",\"itemListElement\":[{\"@type\":\"ListItem\",\"position\":1,\"name\":\"Home\",\"item\":\"https:\\\/\\\/www.dsl.fr\\\/en\\\/\"},{\"@type\":\"ListItem\",\"position\":2,\"name\":\"Dewatering\",\"item\":\"https:\\\/\\\/www.dsl.fr\\\/en\\\/dewatering\\\/\"},{\"@type\":\"ListItem\",\"position\":3,\"name\":\"Deep Well Dewatering &#8211; Non-Waterproof Retaining Wall\"}]},{\"@type\":\"WebSite\",\"@id\":\"https:\\\/\\\/www.dsl.fr\\\/en\\\/#website\",\"url\":\"https:\\\/\\\/www.dsl.fr\\\/en\\\/\",\"name\":\"Delta Service Location\",\"description\":\"Temporary Energy & Pumping Equipment Hire\",\"publisher\":{\"@id\":\"https:\\\/\\\/www.dsl.fr\\\/en\\\/#organization\"},\"potentialAction\":[{\"@type\":\"SearchAction\",\"target\":{\"@type\":\"EntryPoint\",\"urlTemplate\":\"https:\\\/\\\/www.dsl.fr\\\/en\\\/?s={search_term_string}\"},\"query-input\":{\"@type\":\"PropertyValueSpecification\",\"valueRequired\":true,\"valueName\":\"search_term_string\"}}],\"inLanguage\":\"en\"},{\"@type\":\"Organization\",\"@id\":\"https:\\\/\\\/www.dsl.fr\\\/en\\\/#organization\",\"name\":\"Delta Service Location\",\"url\":\"https:\\\/\\\/www.dsl.fr\\\/en\\\/\",\"logo\":{\"@type\":\"ImageObject\",\"inLanguage\":\"en\",\"@id\":\"https:\\\/\\\/www.dsl.fr\\\/en\\\/#\\\/schema\\\/logo\\\/image\\\/\",\"url\":\"https:\\\/\\\/www.dsl.fr\\\/app\\\/uploads\\\/2020\\\/09\\\/logo-delta-service-location.gif\",\"contentUrl\":\"https:\\\/\\\/www.dsl.fr\\\/app\\\/uploads\\\/2020\\\/09\\\/logo-delta-service-location.gif\",\"width\":300,\"height\":200,\"caption\":\"Delta Service Location\"},\"image\":{\"@id\":\"https:\\\/\\\/www.dsl.fr\\\/en\\\/#\\\/schema\\\/logo\\\/image\\\/\"},\"sameAs\":[\"https:\\\/\\\/fr.linkedin.com\\\/company\\\/delta-service-location\",\"https:\\\/\\\/www.youtube.com\\\/channel\\\/UC1u1lQNKgGxJmk7LHJeweuQ\"]}]}<\/script>\n<!-- \/ Yoast SEO plugin. -->","yoast_head_json":{"title":"Deep Well Dewatering - Non-Waterproof Retaining Wall - DSL","description":"Deep Well Dewatering is recommended with non-waterproof retaining walls (lagging wall, reinforced lagging wall, bank, etc.). Consult our experts!","robots":{"index":"index","follow":"follow","max-snippet":"max-snippet:-1","max-image-preview":"max-image-preview:large","max-video-preview":"max-video-preview:-1"},"canonical":"https:\/\/www.dsl.fr\/en\/dewatering\/deep-well-dewatering-non-waterproof-retaining-wall\/","schema":{"@context":"https:\/\/schema.org","@graph":[{"@type":"WebPage","@id":"https:\/\/www.dsl.fr\/en\/dewatering\/deep-well-dewatering-non-waterproof-retaining-wall\/","url":"https:\/\/www.dsl.fr\/en\/dewatering\/deep-well-dewatering-non-waterproof-retaining-wall\/","name":"Deep Well Dewatering - Non-Waterproof Retaining Wall - DSL","isPartOf":{"@id":"https:\/\/www.dsl.fr\/en\/#website"},"primaryImageOfPage":{"@id":"https:\/\/www.dsl.fr\/en\/dewatering\/deep-well-dewatering-non-waterproof-retaining-wall\/#primaryimage"},"image":{"@id":"https:\/\/www.dsl.fr\/en\/dewatering\/deep-well-dewatering-non-waterproof-retaining-wall\/#primaryimage"},"thumbnailUrl":"https:\/\/www.dsl.fr\/app\/uploads\/2020\/08\/rabattement-de-nappe-puits-crepines-paroi-non-etanche-chantier.jpg","datePublished":"2021-03-18T17:40:40+00:00","dateModified":"2021-03-31T15:51:18+00:00","description":"Deep Well Dewatering is recommended with non-waterproof retaining walls (lagging wall, reinforced lagging wall, bank, etc.). Consult our experts!","breadcrumb":{"@id":"https:\/\/www.dsl.fr\/en\/dewatering\/deep-well-dewatering-non-waterproof-retaining-wall\/#breadcrumb"},"inLanguage":"en","potentialAction":[{"@type":"ReadAction","target":["https:\/\/www.dsl.fr\/en\/dewatering\/deep-well-dewatering-non-waterproof-retaining-wall\/"]}]},{"@type":"ImageObject","inLanguage":"en","@id":"https:\/\/www.dsl.fr\/en\/dewatering\/deep-well-dewatering-non-waterproof-retaining-wall\/#primaryimage","url":"https:\/\/www.dsl.fr\/app\/uploads\/2020\/08\/rabattement-de-nappe-puits-crepines-paroi-non-etanche-chantier.jpg","contentUrl":"https:\/\/www.dsl.fr\/app\/uploads\/2020\/08\/rabattement-de-nappe-puits-crepines-paroi-non-etanche-chantier.jpg","width":1920,"height":1080,"caption":"Chantier rabattement de nappe par puits cr\u00e9pin\u00e9s dans une paroi non \u00e9tanche"},{"@type":"BreadcrumbList","@id":"https:\/\/www.dsl.fr\/en\/dewatering\/deep-well-dewatering-non-waterproof-retaining-wall\/#breadcrumb","itemListElement":[{"@type":"ListItem","position":1,"name":"Home","item":"https:\/\/www.dsl.fr\/en\/"},{"@type":"ListItem","position":2,"name":"Dewatering","item":"https:\/\/www.dsl.fr\/en\/dewatering\/"},{"@type":"ListItem","position":3,"name":"Deep Well Dewatering &#8211; Non-Waterproof Retaining Wall"}]},{"@type":"WebSite","@id":"https:\/\/www.dsl.fr\/en\/#website","url":"https:\/\/www.dsl.fr\/en\/","name":"Delta Service Location","description":"Temporary Energy & Pumping Equipment Hire","publisher":{"@id":"https:\/\/www.dsl.fr\/en\/#organization"},"potentialAction":[{"@type":"SearchAction","target":{"@type":"EntryPoint","urlTemplate":"https:\/\/www.dsl.fr\/en\/?s={search_term_string}"},"query-input":{"@type":"PropertyValueSpecification","valueRequired":true,"valueName":"search_term_string"}}],"inLanguage":"en"},{"@type":"Organization","@id":"https:\/\/www.dsl.fr\/en\/#organization","name":"Delta Service Location","url":"https:\/\/www.dsl.fr\/en\/","logo":{"@type":"ImageObject","inLanguage":"en","@id":"https:\/\/www.dsl.fr\/en\/#\/schema\/logo\/image\/","url":"https:\/\/www.dsl.fr\/app\/uploads\/2020\/09\/logo-delta-service-location.gif","contentUrl":"https:\/\/www.dsl.fr\/app\/uploads\/2020\/09\/logo-delta-service-location.gif","width":300,"height":200,"caption":"Delta Service Location"},"image":{"@id":"https:\/\/www.dsl.fr\/en\/#\/schema\/logo\/image\/"},"sameAs":["https:\/\/fr.linkedin.com\/company\/delta-service-location","https:\/\/www.youtube.com\/channel\/UC1u1lQNKgGxJmk7LHJeweuQ"]}]}},"_links":{"self":[{"href":"https:\/\/www.dsl.fr\/en\/wp-json\/wp\/v2\/pages\/6871","targetHints":{"allow":["GET"]}}],"collection":[{"href":"https:\/\/www.dsl.fr\/en\/wp-json\/wp\/v2\/pages"}],"about":[{"href":"https:\/\/www.dsl.fr\/en\/wp-json\/wp\/v2\/types\/page"}],"author":[{"embeddable":true,"href":"https:\/\/www.dsl.fr\/en\/wp-json\/wp\/v2\/users\/2"}],"replies":[{"embeddable":true,"href":"https:\/\/www.dsl.fr\/en\/wp-json\/wp\/v2\/comments?post=6871"}],"version-history":[{"count":4,"href":"https:\/\/www.dsl.fr\/en\/wp-json\/wp\/v2\/pages\/6871\/revisions"}],"predecessor-version":[{"id":7708,"href":"https:\/\/www.dsl.fr\/en\/wp-json\/wp\/v2\/pages\/6871\/revisions\/7708"}],"up":[{"embeddable":true,"href":"https:\/\/www.dsl.fr\/en\/wp-json\/wp\/v2\/pages\/6888"}],"wp:featuredmedia":[{"embeddable":true,"href":"https:\/\/www.dsl.fr\/en\/wp-json\/wp\/v2\/media\/3302"}],"wp:attachment":[{"href":"https:\/\/www.dsl.fr\/en\/wp-json\/wp\/v2\/media?parent=6871"}],"wp:term":[{"taxonomy":"category","embeddable":true,"href":"https:\/\/www.dsl.fr\/en\/wp-json\/wp\/v2\/categories?post=6871"}],"curies":[{"name":"wp","href":"https:\/\/api.w.org\/{rel}","templated":true}]}}